{"id":1906,"date":"2021-05-18T12:16:44","date_gmt":"2021-05-18T10:16:44","guid":{"rendered":"https:\/\/congress.lubelskie.pl\/tekst-odczytywalny-maszynowo\/"},"modified":"2021-05-18T12:17:01","modified_gmt":"2021-05-18T10:17:01","slug":"tekst-odczytywalny-maszynowo","status":"publish","type":"page","link":"https:\/\/congress.lubelskie.pl\/en\/tekst-odczytywalny-maszynowo\/","title":{"rendered":"Tekst odczytywalny maszynowo"},"content":{"rendered":"<p><strong>Urz\u0105d Marsza\u0142kowski<\/strong><strong> Wojew\u00f3dztwa Lubelskiego w Lublinie<\/strong> jest wojew\u00f3dzk\u0105 samorz\u0105dow\u0105 jednostk\u0105 organizacyjn\u0105.<\/p>\n<p>Kierownikiem Urz\u0119du jest Marsza\u0142ek Wojew\u00f3dztwa Lubelskiego.<\/p>\n<p>Marsza\u0142ek swoje zadania wykonuje osobi\u015bcie, przy pomocy Cz\u0142onk\u00f3w Zarz\u0105du, Skarbnika, Sekretarza Wojew\u00f3dztwa, dyrektor\u00f3w, kierownik\u00f3w i pracownik\u00f3w.<\/p>\n<p>Urz\u0105d zapewnia obs\u0142ug\u0119 merytoryczn\u0105, organizacyjn\u0105, prawn\u0105, techniczn\u0105, kancelaryjno-biurow\u0105 Sejmiku, komisji Sejmiku, Zarz\u0105du i Marsza\u0142ka.<\/p>\n<p>Urz\u0105d dzia\u0142a w oparciu o przepisy ustawy o samorz\u0105dzie wojew\u00f3dztwa.<\/p>\n<p><strong>G\u0142\u00f3wne zadania<\/strong> o charakterze wojew\u00f3dzkim realizowane przez Samorz\u0105d Wojew\u00f3dztwa dotycz\u0105:<\/p>\n<p>Edukacji publicznej.<\/p>\n<p>Promocji i ochrony zdrowia, pomocy spo\u0142ecznej.<\/p>\n<p>Wspierania polityki prorodzinnej.<\/p>\n<p>Upowszechniania kultury, ochrony zabytk\u00f3w, opieki nad zabytkami.<\/p>\n<p>Promocji rozwoju lubelskiego rolnictwa, obszar\u00f3w wiejskich.<\/p>\n<p>Kszta\u0142towania, prowadzenia polityki przestrzennej w wojew\u00f3dztwie.<\/p>\n<p>Dzia\u0142a\u0144 zwi\u0105zanych z transportem zbiorowym dla mieszka\u0144c\u00f3w wojew\u00f3dztwa.<\/p>\n<p>Promocji zatrudnienia, aktywizacji bezrobotnych.<\/p>\n<p>Promocji gospodarczej, rozwoju przedsi\u0119biorczo\u015bci.<\/p>\n<p>Rozwoju kultury fizycznej, promocji turystyki wojew\u00f3dztwa.<\/p>\n<p>Ochrony przyrody i \u015brodowiska.<\/p>\n<p>Obs\u0142ugi funduszy europejskich, pomocy mieszka\u0144com wojew\u00f3dztwa w staraniach o \u015brodki europejskie.<\/p>\n<p>Napisania strategii rozwoju Wojew\u00f3dztwa Lubelskiego.<\/p>\n<p>Osoby niedos\u0142ysz\u0105ce mog\u0105 skorzysta\u0107 w Urz\u0119dzie z:<\/p>\n<ul>\n<li>us\u0142ugi przeno\u015bnej p\u0119tli indukcyjnej, dost\u0119pnej w Kancelarii Og\u00f3lnej przy ul. Artura Grottgera 4;<\/li>\n<li>us\u0142ugi t\u0142umacza j\u0119zyka migowego albo za\u0142atwienia sprawy przy pomocy osoby przybranej;<\/li>\n<li>mo\u017cliwo\u015bci kontaktu z urz\u0119dem za pomoc\u0105 internetu, przes\u0142ania wiadomo\u015bci e-mail na adres <a href=\"mailto:info@lubelskie.pl\">info@lubelskie.pl<\/a> albo przes\u0142ania pisma za pomoc\u0105 platformy EPUAP.<\/li>\n<\/ul>\n<p>W celu skorzystania przez osoby zainteresowane z pomocy t\u0142umacza j\u0119zyka migowego: PJM, SJM, SKOGN przy za\u0142atwianiu spraw w Urz\u0119dzie Marsza\u0142kowskim Wojew\u00f3dztwa Lubelskiego w Lublinie, prosimy o kontakt:<\/p>\n<ul>\n<li>SMS albo MMS pod numerem telefonu: 661\u00a0166\u00a0190<\/li>\n<li>albo poprzez inn\u0105 osob\u0119,<\/li>\n<li>telefonicznie pod numerem telefonu: 81 44 16\u00a0600 albo 661166190 albo faxem 81 44 16\u00a0649.<\/li>\n<\/ul>\n","protected":false},"excerpt":{"rendered":"<p>Urz\u0105d Marsza\u0142kowski Wojew\u00f3dztwa Lubelskiego w Lublinie jest wojew\u00f3dzk\u0105 samorz\u0105dow\u0105 jednostk\u0105 organizacyjn\u0105. Kierownikiem Urz\u0119du jest Marsza\u0142ek Wojew\u00f3dztwa Lubelskiego. Marsza\u0142ek swoje zadania wykonuje osobi\u015bcie, przy pomocy Cz\u0142onk\u00f3w Zarz\u0105du, Skarbnika, Sekretarza Wojew\u00f3dztwa, dyrektor\u00f3w, kierownik\u00f3w i pracownik\u00f3w. Urz\u0105d zapewnia obs\u0142ug\u0119 merytoryczn\u0105, organizacyjn\u0105, prawn\u0105, techniczn\u0105, kancelaryjno-biurow\u0105 Sejmiku, komisji Sejmiku, Zarz\u0105du i Marsza\u0142ka. Urz\u0105d dzia\u0142a w oparciu o przepisy ustawy o [&hellip;]<\/p>\n","protected":false},"author":81,"featured_media":0,"parent":0,"menu_order":0,"comment_status":"closed","ping_status":"closed","template":"","meta":{"ngg_post_thumbnail":0},"acf":[],"_links":{"self":[{"href":"https:\/\/congress.lubelskie.pl\/en\/wp-json\/wp\/v2\/pages\/1906"}],"collection":[{"href":"https:\/\/congress.lubelskie.pl\/en\/wp-json\/wp\/v2\/pages"}],"about":[{"href":"https:\/\/congress.lubelskie.pl\/en\/wp-json\/wp\/v2\/types\/page"}],"author":[{"embeddable":true,"href":"https:\/\/congress.lubelskie.pl\/en\/wp-json\/wp\/v2\/users\/81"}],"replies":[{"embeddable":true,"href":"https:\/\/congress.lubelskie.pl\/en\/wp-json\/wp\/v2\/comments?post=1906"}],"version-history":[{"count":1,"href":"https:\/\/congress.lubelskie.pl\/en\/wp-json\/wp\/v2\/pages\/1906\/revisions"}],"predecessor-version":[{"id":1907,"href":"https:\/\/congress.lubelskie.pl\/en\/wp-json\/wp\/v2\/pages\/1906\/revisions\/1907"}],"wp:attachment":[{"href":"https:\/\/congress.lubelskie.pl\/en\/wp-json\/wp\/v2\/media?parent=1906"}],"curies":[{"name":"wp","href":"https:\/\/api.w.org\/{rel}","templated":true}]}}