{"id":1920,"date":"2021-05-18T12:22:54","date_gmt":"2021-05-18T10:22:54","guid":{"rendered":"https:\/\/congress.lubelskie.pl\/tekst-latwy-do-odczytania-etr\/"},"modified":"2021-05-18T12:22:54","modified_gmt":"2021-05-18T10:22:54","slug":"tekst-latwy-do-odczytania-etr","status":"publish","type":"page","link":"https:\/\/congress.lubelskie.pl\/en\/tekst-latwy-do-odczytania-etr\/","title":{"rendered":"Tekst \u0142atwy do odczytania (ETR)"},"content":{"rendered":"<p><img loading=\"lazy\" class=\"alignnone size-medium wp-image-1909\" src=\"https:\/\/congress.lubelskie.pl\/wp-content\/uploads\/2021\/05\/Obraz1-300x198.jpg\" alt=\"\" width=\"300\" height=\"198\" srcset=\"https:\/\/congress.lubelskie.pl\/wp-content\/uploads\/2021\/05\/Obraz1-300x198.jpg 300w, https:\/\/congress.lubelskie.pl\/wp-content\/uploads\/2021\/05\/Obraz1.jpg 354w\" sizes=\"(max-width: 300px) 100vw, 300px\" \/><\/p>\n<p>Urz\u0105d Marsza\u0142kowski Wojew\u00f3dztwa Lubelskiego w Lublinie tworz\u0105 departamenty, biura, kancelarie oraz samodzielni pracownicy.<\/p>\n<p>Kierownikiem Urz\u0119du Marsza\u0142kowskiego jest Marsza\u0142ek Wojew\u00f3dztwa Lubelskiego<\/p>\n<p><strong>Marsza\u0142kiem jest Jaros\u0142aw Stawiarski.<\/strong><\/p>\n<p>W Departamentach Urz\u0119du mo\u017cna za\u0142atwi\u0107:<\/p>\n<ul>\n<li>sprawy zwi\u0105zane z pieni\u0119dzmi jakie Polska dostaje z Unii Europejskiej,<\/li>\n<li>sprawy zwi\u0105zane z informowaniem turyst\u00f3w z Polski i \u015bwiata, aby odwiedzali wojew\u00f3dztwo lubelskie,<\/li>\n<li>sprawy zwi\u0105zane z gospodark\u0105,<\/li>\n<li>pomoc osobom, kt\u00f3re maj\u0105 firmy i przedsi\u0119biorstwa,<\/li>\n<li>sprawy zwi\u0105zane z nauk\u0105 m\u0142odzie\u017cy,<\/li>\n<li>sprawy zwi\u0105zane ze zdrowiem mieszka\u0144c\u00f3w i leczeniem w szpitalach,<\/li>\n<li>sprawy zwi\u0105zane z dzia\u0142alno\u015bci\u0105 teatr\u00f3w, muze\u00f3w,<\/li>\n<li>sprawy zwi\u0105zane z budow\u0105 nowych dr\u00f3g i most\u00f3w,<\/li>\n<li>urz\u0105d przekazuje informacje o nowo\u015bciach w rolnictwie, le\u015bnictwie i na wsi,<\/li>\n<li>urz\u0105d informuje o tradycjach, zwyczajach i potrawach z regionu,<\/li>\n<li>urz\u0105d zajmuje si\u0119 ochron\u0105 przyrody.<\/li>\n<\/ul>\n<p>Urz\u0105d jest na ulicy Artura Grottgera 4 w Lublinie.<\/p>\n<p>Mo\u017cna do nas zadzwoni\u0107<\/p>\n<p><img loading=\"lazy\" class=\"alignnone  wp-image-1911\" src=\"https:\/\/congress.lubelskie.pl\/wp-content\/uploads\/2021\/05\/Obraz2-300x300.gif\" alt=\"\" width=\"206\" height=\"206\" srcset=\"https:\/\/congress.lubelskie.pl\/wp-content\/uploads\/2021\/05\/Obraz2-300x300.gif 300w, https:\/\/congress.lubelskie.pl\/wp-content\/uploads\/2021\/05\/Obraz2-150x150.gif 150w\" sizes=\"(max-width: 206px) 100vw, 206px\" \/><\/p>\n<p>telefon:\u00a0\u00a0\u00a0\u00a0\u00a0\u00a0\u00a0\u00a0\u00a0 814416600<\/p>\n<p>661166190<\/p>\n<p>e-mail:\u00a0\u00a0\u00a0\u00a0\u00a0\u00a0\u00a0\u00a0\u00a0\u00a0\u00a0 <a href=\"mailto:info@lubelskie.pl\">info@lubelskie.pl<\/a><\/p>\n<p>Mo\u017cna skorzysta\u0107 z pomocy t\u0142umacza j\u0119zyka migowego. Aby skorzysta\u0107 z tej us\u0142ugi nale\u017cy zadzwoni\u0107.<\/p>\n<p><img loading=\"lazy\" class=\"alignnone size-full wp-image-1913\" src=\"https:\/\/congress.lubelskie.pl\/wp-content\/uploads\/2021\/05\/Obraz3.jpg\" alt=\"\" width=\"112\" height=\"124\" \/><\/p>\n<p>Budynki Urz\u0119du maj\u0105 windy.<\/p>\n<p><img loading=\"lazy\" class=\"alignnone  wp-image-1915\" src=\"https:\/\/congress.lubelskie.pl\/wp-content\/uploads\/2021\/05\/Obraz4-213x300.jpg\" alt=\"\" width=\"124\" height=\"175\" srcset=\"https:\/\/congress.lubelskie.pl\/wp-content\/uploads\/2021\/05\/Obraz4-213x300.jpg 213w, https:\/\/congress.lubelskie.pl\/wp-content\/uploads\/2021\/05\/Obraz4.jpg 234w\" sizes=\"(max-width: 124px) 100vw, 124px\" \/><\/p>\n<p>Osoby niepe\u0142nosprawne mog\u0105 zaparkowa\u0107 w przeznaczonych dla nich miejscach.<\/p>\n<p><img loading=\"lazy\" class=\"alignnone  wp-image-1917\" src=\"https:\/\/congress.lubelskie.pl\/wp-content\/uploads\/2021\/05\/Obraz5.jpg\" alt=\"\" width=\"130\" height=\"137\" \/><\/p>\n","protected":false},"excerpt":{"rendered":"<p>Urz\u0105d Marsza\u0142kowski Wojew\u00f3dztwa Lubelskiego w Lublinie tworz\u0105 departamenty, biura, kancelarie oraz samodzielni pracownicy. Kierownikiem Urz\u0119du Marsza\u0142kowskiego jest Marsza\u0142ek Wojew\u00f3dztwa Lubelskiego Marsza\u0142kiem jest Jaros\u0142aw Stawiarski. W Departamentach Urz\u0119du mo\u017cna za\u0142atwi\u0107: sprawy zwi\u0105zane z pieni\u0119dzmi jakie Polska dostaje z Unii Europejskiej, sprawy zwi\u0105zane z informowaniem turyst\u00f3w z Polski i \u015bwiata, aby odwiedzali wojew\u00f3dztwo lubelskie, sprawy zwi\u0105zane z [&hellip;]<\/p>\n","protected":false},"author":81,"featured_media":0,"parent":0,"menu_order":0,"comment_status":"closed","ping_status":"closed","template":"","meta":{"ngg_post_thumbnail":0},"acf":[],"_links":{"self":[{"href":"https:\/\/congress.lubelskie.pl\/en\/wp-json\/wp\/v2\/pages\/1920"}],"collection":[{"href":"https:\/\/congress.lubelskie.pl\/en\/wp-json\/wp\/v2\/pages"}],"about":[{"href":"https:\/\/congress.lubelskie.pl\/en\/wp-json\/wp\/v2\/types\/page"}],"author":[{"embeddable":true,"href":"https:\/\/congress.lubelskie.pl\/en\/wp-json\/wp\/v2\/users\/81"}],"replies":[{"embeddable":true,"href":"https:\/\/congress.lubelskie.pl\/en\/wp-json\/wp\/v2\/comments?post=1920"}],"version-history":[{"count":0,"href":"https:\/\/congress.lubelskie.pl\/en\/wp-json\/wp\/v2\/pages\/1920\/revisions"}],"wp:attachment":[{"href":"https:\/\/congress.lubelskie.pl\/en\/wp-json\/wp\/v2\/media?parent=1920"}],"curies":[{"name":"wp","href":"https:\/\/api.w.org\/{rel}","templated":true}]}}