{"id":2198,"date":"2021-06-09T10:55:49","date_gmt":"2021-06-09T08:55:49","guid":{"rendered":"https:\/\/congress.lubelskie.pl\/film-z-tlumaczeniem-pjm\/"},"modified":"2021-06-09T10:57:09","modified_gmt":"2021-06-09T08:57:09","slug":"film-z-tlumaczeniem-pjm","status":"publish","type":"page","link":"https:\/\/congress.lubelskie.pl\/en\/film-z-tlumaczeniem-pjm\/","title":{"rendered":"Film z t\u0142umaczeniem PJM"},"content":{"rendered":"<p><CERNTER><div style=\"width: 640px;\" class=\"wp-video\"><!--[if lt IE 9]><script>document.createElement('video');<\/script><![endif]-->\n<video class=\"wp-video-shortcode\" id=\"video-2198-1\" width=\"640\" height=\"360\" preload=\"metadata\" controls=\"controls\"><source type=\"video\/mp4\" src=\"https:\/\/www.lubelskie.pl\/wp-content\/uploads\/2021\/06\/Film_dost\u0119pno\u015b\u0107.mp4?_=1\" \/><a href=\"https:\/\/www.lubelskie.pl\/wp-content\/uploads\/2021\/06\/Film_dost\u0119pno\u015b\u0107.mp4\">https:\/\/www.lubelskie.pl\/wp-content\/uploads\/2021\/06\/Film_dost\u0119pno\u015b\u0107.mp4<\/a><\/video><\/div><\/CERNTER><\/p>\n","protected":false},"excerpt":{"rendered":"","protected":false},"author":81,"featured_media":0,"parent":0,"menu_order":0,"comment_status":"closed","ping_status":"closed","template":"","meta":{"ngg_post_thumbnail":0},"acf":[],"_links":{"self":[{"href":"https:\/\/congress.lubelskie.pl\/en\/wp-json\/wp\/v2\/pages\/2198"}],"collection":[{"href":"https:\/\/congress.lubelskie.pl\/en\/wp-json\/wp\/v2\/pages"}],"about":[{"href":"https:\/\/congress.lubelskie.pl\/en\/wp-json\/wp\/v2\/types\/page"}],"author":[{"embeddable":true,"href":"https:\/\/congress.lubelskie.pl\/en\/wp-json\/wp\/v2\/users\/81"}],"replies":[{"embeddable":true,"href":"https:\/\/congress.lubelskie.pl\/en\/wp-json\/wp\/v2\/comments?post=2198"}],"version-history":[{"count":2,"href":"https:\/\/congress.lubelskie.pl\/en\/wp-json\/wp\/v2\/pages\/2198\/revisions"}],"predecessor-version":[{"id":2201,"href":"https:\/\/congress.lubelskie.pl\/en\/wp-json\/wp\/v2\/pages\/2198\/revisions\/2201"}],"wp:attachment":[{"href":"https:\/\/congress.lubelskie.pl\/en\/wp-json\/wp\/v2\/media?parent=2198"}],"curies":[{"name":"wp","href":"https:\/\/api.w.org\/{rel}","templated":true}]}}