{"id":3981,"date":"2022-04-12T13:08:17","date_gmt":"2022-04-12T11:08:17","guid":{"rendered":"https:\/\/congress.lubelskie.pl\/?page_id=3981"},"modified":"2026-03-27T09:04:58","modified_gmt":"2026-03-27T08:04:58","slug":"accessibility-statement","status":"publish","type":"page","link":"https:\/\/congress.lubelskie.pl\/en\/accessibility-statement\/","title":{"rendered":"Accessibility statement"},"content":{"rendered":"<h1 id=\"a11y-deklaracja\">Deklaracja dost\u0119pno\u015bci<\/h1>\n<p id=\"a11y-wstep\"><span id=\"a11y-podmiot\">Urz\u0105d Marsza\u0142kowski Wojew\u00f3dztwa Lubelskiego w Lublinie<\/span> (ul. Grottgera 4, 20-029 Lublin, tel. 81 44 16 600, e-mail: info@lubelskie.pl), zobowi\u0105zuje si\u0119 zapewni\u0107 dost\u0119pno\u015b\u0107 swojej strony internetowej zgodnie z przepisami ustawy z dnia 4 kwietnia 2019 r. o dost\u0119pno\u015bci cyfrowej stron internetowych i aplikacji mobilnych podmiot\u00f3w publicznych. Deklaracja dost\u0119pno\u015bci dotyczy strony internetowej <a id=\"a11y-url\" href=\"https:\/\/www.congress.lubelskie.pl\">www.congress.lubelskie.pl<\/a><\/p>\n<h2><strong>Data publikacji i aktualizacji strony<\/strong><\/h2>\n<ul>\n<li>Data publikacji strony internetowej: <time id=\"a11y-data-publikacja\" datetime=\"2020-02-14\">14 lutego 2020 r.<\/time><\/li>\n<li>Data ostatniej istotnej aktualizacji: <time id=\"a11y-data-aktualizacja\" datetime=\"2023-01-31\">31 stycznia 2023 r.<\/time><\/li>\n<\/ul>\n<h2>Stan dost\u0119pno\u015bci cyfrowej<\/h2>\n<p>Strona internetowa jest <strong id=\"a11y-status\">cz\u0119\u015bciowo zgodna<\/strong> z za\u0142\u0105cznikiem do ustawy z dnia 4 kwietnia 2019 r. dost\u0119pno\u015bci cyfrowej stron internetowych i aplikacji mobilnych podmiot\u00f3w publicznych z powodu niezgodno\u015bci i wy\u0142\u0105cze\u0144 wymienionych poni\u017cej.<\/p>\n<h3>Niedost\u0119pne tre\u015bci<\/h3>\n<ul>\n<li>Na stronie internetowej znajduj\u0105 si\u0119 dokumenty, pliki multimedialne oraz elementy interaktywne nieprzystosowane do potrzeb os\u00f3b niepe\u0142nosprawnych.<\/li>\n<li>Zamieszczone publikacje w formacie PDF nie s\u0105 dost\u0119pne cyfrowo w ca\u0142o\u015bci.<\/li>\n<li>Opublikowane s\u0105 scany dokument\u00f3w, kt\u00f3re posiadaj\u0105 dost\u0119pn\u0105 wersj\u0119 w formie pliku word\/exel.<\/li>\n<li>Na stronie mog\u0105 wyst\u0105pi\u0107 puste linki. Je\u015bli zauwa\u017cysz poinformuj nas o tym.<\/li>\n<li>Mog\u0105 zdarza\u0107 si\u0119 b\u0142\u0119dne opisy alternatywne zdj\u0119\u0107.<\/li>\n<\/ul>\n<h3>Tre\u015bci nieobj\u0119te przepisami<\/h3>\n<p><strong>Dokumenty archiwalne opublikowane na stronie przed 23 wrze\u015bnia 2018 r. nie s\u0105 dost\u0119pne<\/strong>. Nie mamy prawnego obowi\u0105zku dostosowywania tych dokument\u00f3w. W\u015br\u00f3d nich s\u0105 dokumenty, kt\u00f3rych nie wykorzystujemy do bie\u017c\u0105cych zada\u0144 urz\u0119du. Je\u017celi potrzebujesz dost\u0119pu do nich, skontaktuj si\u0119 z nami i wska\u017c dok\u0142adnie, kt\u00f3re z nich potrzebujesz i jak powinni\u015bmy je dostosowa\u0107.<\/p>\n<p>Tre\u015bci, kt\u00f3re nie zosta\u0142y przez nas i na nasz\u0105 rzecz wytworzone i nabyte, a dostosowanie ich do wymaga\u0144 dost\u0119pno\u015bci cyfrowej, wymaga modyfikacji, do kt\u00f3rej urz\u0105d nie jest uprawniony.<\/p>\n<h3>Przygotowanie deklaracji w sprawie dost\u0119pno\u015bci<\/h3>\n<ul>\n<li>Deklaracj\u0119 sporz\u0105dzono dnia: <time id=\"a11y-data-sporzadzenie\" datetime=\"2023-01-31\">31 stycznia 2023 r.<\/time><\/li>\n<li>Deklaracja zosta\u0142a ostatnio poddana przegl\u0105dowi i aktualizacji dnia: <time id=\"a11y-data-deklaracja-przeglad\" datetime=\"2026-03-23\">23 marca 2026 r.<\/time><\/li>\n<\/ul>\n<p>Deklaracj\u0119 sporz\u0105dzono na podstawie samooceny w oparciu o List\u0119 kontroln\u0105 do samodzielnego badania dost\u0119pno\u015bci cyfrowej stron internetowych.<\/p>\n<p><a href=\"https:\/\/congress.lubelskie.pl\/wp-content\/uploads\/2026\/03\/Raport-z-wynikami-przegladu-dostepnosci-congress.lubelskie_pl.pdf\" target=\"_blank\" rel=\"noopener\">Pobierz Raport z wynikami przegl\u0105du dost\u0119pno\u015bci.<\/a><\/p>\n<h2><strong>Skr\u00f3ty klawiszowe<\/strong><\/h2>\n<p>Na stronie internetowej mo\u017cna korzysta\u0107 za standardowych skr\u00f3t\u00f3w klawiaturowych.<\/p>\n<h2 id=\"a11y-kontakt\">Informacje zwrotne i dane kontaktowe<\/h2>\n<ul>\n<li>Za rozpatrywanie uwag i wniosk\u00f3w odpowiada: <span id=\"a11y-osoba\">Patrycja Chru\u015bciel<\/span>.<\/li>\n<li>E-mail: <span id=\"a11y-email\">patrycja.chrusciel@lubelskie.pl<\/span><\/li>\n<li>Telefon: <span id=\"a11y-telefon\">81 4416 796<\/span><\/li>\n<\/ul>\n<p id=\"a11y-procedura\">Ka\u017cdy ma prawo wyst\u0105pi\u0107 z \u017c\u0105daniem zapewnienia dost\u0119pno\u015bci cyfrowej tej strony internetowej lub jej element\u00f3w.<\/p>\n<p>Zg\u0142aszaj\u0105c takie \u017c\u0105danie podaj:<\/p>\n<ul>\n<li>swoje imi\u0119 i nazwisko,<\/li>\n<li>swoje dane kontaktowe (np. numer telefonu, e-mail),<\/li>\n<li>dok\u0142adny adres strony internetowej, na kt\u00f3rej jest niedost\u0119pny cyfrowo element lub tre\u015b\u0107,<\/li>\n<li>opis na czym polega problem i jaki spos\u00f3b jego rozwi\u0105zania by\u0142by dla Ciebie najwygodniejszy.<\/li>\n<\/ul>\n<p>Na Twoje zg\u0142oszenie odpowiemy najszybciej jak to mo\u017cliwe, nie p\u00f3\u017aniej ni\u017c w ci\u0105gu 7 dni od jego otrzymania.<\/p>\n<p>Je\u017celi ten termin b\u0119dzie dla nas zbyt kr\u00f3tki poinformujemy Ci\u0119 o tym. W tej informacji podamy nowy termin, do kt\u00f3rego poprawimy zg\u0142oszone przez Ciebie b\u0142\u0119dy lub przygotujemy informacje w alternatywny spos\u00f3b. Ten nowy termin nie b\u0119dzie d\u0142u\u017cszy ni\u017c 2 miesi\u0105ce.<\/p>\n<p>Je\u017celi nie b\u0119dziemy w stanie zapewni\u0107 dost\u0119pno\u015bci cyfrowej strony internetowej lub tre\u015bci, wskazanej w Twoim \u017c\u0105daniu, zaproponujemy Ci dost\u0119p do nich w alternatywny spos\u00f3b.<\/p>\n<h2>Obs\u0142uga wniosk\u00f3w i skarg zwi\u0105zanych z dost\u0119pno\u015bci\u0105<\/h2>\n<p>Je\u017celi w odpowiedzi na tw\u00f3j wniosek o zapewnienie dost\u0119pno\u015bci cyfrowej, odm\u00f3wimy zapewnienia \u017c\u0105danej przez Ciebie dost\u0119pno\u015bci cyfrowej, a Ty nie zgadzasz si\u0119 z t\u0105 odmow\u0105, masz prawo z\u0142o\u017cy\u0107 skarg\u0119.<\/p>\n<p>Skarg\u0119 masz prawo z\u0142o\u017cy\u0107 tak\u017ce, je\u015bli nie zgadzasz si\u0119 na skorzystanie z alternatywnego sposobu dost\u0119pu, kt\u00f3ry zaproponowali\u015bmy Ci w odpowiedzi na Tw\u00f3j wniosek o zapewnienie dost\u0119pno\u015bci cyfrowej.<\/p>\n<p>Ewentualn\u0105 skarg\u0119 z\u0142\u00f3\u017c listownie lub mailem do kierownictwa naszego urz\u0119du:<\/p>\n<p>Marsza\u0142ek Wojew\u00f3dztwa Lubelskiego<\/p>\n<p>Adres: ul. A. Grottgera 4, 20-029 Lublin<\/p>\n<p>e-mail: <a href=\"mailto:info@lubelskie.pl\">info@lubelskie.pl<\/a><\/p>\n<p><a href=\"https:\/\/www.gov.pl\/web\/gov\/zloz-wniosek-o-zapewnienie-dostepnosci-cyfrowej-strony-internetowej-lub-aplikacji-mobilnej\">Pomocne mog\u0105 by\u0107 informacje, kt\u00f3re mo\u017cna znale\u017a\u0107 na rz\u0105dowym portalu gov.pl<\/a><\/p>\n<p>Mo\u017cesz tak\u017ce poinformowa\u0107 o tej sytuacji <a href=\"https:\/\/bip.brpo.gov.pl\/\">Rzecznika Praw Obywatelskich<\/a> i poprosi\u0107 o interwencj\u0119 w Twojej sprawie.<\/p>\n<h2 id=\"a11y-architektura\">Dost\u0119pno\u015b\u0107 architektoniczna<\/h2>\n<p>Do Urz\u0119du Marsza\u0142kowskiego Wojew\u00f3dztwa Lubelskiego w Lublinie mo\u017cesz dotrze\u0107 komunikacj\u0105 miejsk\u0105. W pobli\u017cu s\u0105 przystanki przy skrzy\u017cowaniu ulic Lipowa, Krakowskie Przedmie\u015bcie i Aleje Rac\u0142awickie.<\/p>\n<p>Do urz\u0119du nale\u017cy kierowa\u0107 si\u0119 w stron\u0119 Placu Teatralnego, przy kt\u00f3rym znajduje si\u0119 Centrum Spotkania Kultur.<\/p>\n<p><strong>Wej\u015bcie g\u0142\u00f3wne<\/strong><\/p>\n<p>G\u0142\u00f3wne wej\u015bcie do budynku siedziby urz\u0119du znajduje si\u0119 od ul. Grottgera 4. Wej\u015bcie boczne znajduje si\u0119 z prawej strony budynku od strony ul. Marii Curie-Sk\u0142odowskiej.<\/p>\n<p>Wej\u015bcie g\u0142\u00f3wne prowadzi przez du\u017ce przeszklone drzwi. Po prawej stronie przed wej\u015bciem do budynku znajduje si\u0119 domofon, kt\u00f3ry pozwala na przywo\u0142anie portiera.<\/p>\n<p>Przestrzenie komunikacyjne budynku wolne s\u0105 od barier poziomych i pionowych (komunikacja pozioma \u2013 korytarze na jednym poziomie, komunikacja pionowa \u2013 windy).<\/p>\n<p>Urz\u0105d zapewnia informacj\u0119 na temat rozk\u0142adu pomieszcze\u0144 poszczeg\u00f3lnych departament\u00f3w:<\/p>\n<ul>\n<li>w spos\u00f3b wizualny &#8211; tablica informacyjna znajduj\u0105c\u0105 si\u0119 po prawej stronie wej\u015bcia g\u0142\u00f3wnego;<\/li>\n<li>w spos\u00f3b g\u0142osowy \u2013 informacja otrzymana w Kancelarii Og\u00f3lnej (punkt obs\u0142ugi klienta), w portierni oraz za pomoc\u0105 systemu nawigacyjnego TOTUPOINT.<\/li>\n<\/ul>\n<p><strong>Kancelaria Og\u00f3lna i portiernia<\/strong><\/p>\n<p>Do Kancelarii Og\u00f3lnej kieruj si\u0119 po pokonaniu ok. 5 metr\u00f3w, id\u0105c na wprost od wej\u015bcia g\u0142\u00f3wnego, a nast\u0119pnie skr\u0119\u0107 w prawo. W Kancelarii Og\u00f3lnej dowiesz si\u0119, gdzie za\u0142atwisz swoj\u0105 spraw\u0119.<\/p>\n<p>Portiernia znajduje si\u0119 po lewej stronie od wej\u015bcia g\u0142\u00f3wnego.<\/p>\n<p><strong>Windy <\/strong><\/p>\n<p>Na wprost wej\u015bcia g\u0142\u00f3wnego znajduj\u0105 si\u0119 cztery windy oraz jedna winda na prawo, po przej\u015bciu holu g\u0142\u00f3wnego za przeszkolonymi, oznaczonymi drzwiami i jedna winda na lewo, po przej\u015bciu holu g\u0142\u00f3wnego r\u00f3wnie\u017c za przeszklonymi, oznaczonymi drzwiami. Windy wyposa\u017cone s\u0105 w przyciski opisane alfabetem Braille\u2019a. Przycisk poziomu zero (na kt\u00f3rym znajduje si\u0119 wej\u015bcie g\u0142\u00f3wne) jest wyr\u00f3\u017cniony otoczk\u0105 w odblaskowym kolorze. Windy wyposa\u017cone s\u0105 w system d\u017awi\u0119kowy informuj\u0105cy o numerze pi\u0119tra. Przy windach bocznych znajduj\u0105 si\u0119 klatki schodowe, kt\u00f3rymi mo\u017cna wej\u015b\u0107 na poszczeg\u00f3lne pi\u0119tra urz\u0119du. Pocz\u0105tek i koniec biegu schod\u00f3w oznaczone s\u0105 naklejonymi ta\u015bmami.<\/p>\n<p><strong>Toalety <\/strong><\/p>\n<p>Na ka\u017cdym pi\u0119trze s\u0105 2 toalety przeznaczone dla os\u00f3b z niepe\u0142nosprawno\u015bciami, usytuowane w prawej i lewej cz\u0119\u015bci budynku.<\/p>\n<p><strong>Miejsce parkingowe dla osoby z niepe\u0142nosprawno\u015bciami <\/strong><\/p>\n<p>Miejsce parkingowe dla osoby z niepe\u0142nosprawno\u015bciami jest wyznaczone na poziomie &#8211; 1 (minus jeden) gara\u017cu, do kt\u00f3rego wjazd znajduje si\u0119 po lewej stronie wej\u015bcia g\u0142\u00f3wnego do budynku przy ul.\u202fGrottgera\u202f4. Po wje\u017adzie na parking nale\u017cy nacisn\u0105\u0107 guzik przywo\u0142uj\u0105cy portiera. Zach\u0119camy, aby osoba z niepe\u0142nosprawno\u015bciami, chc\u0105ca skorzysta\u0107 z miejsca parkingowego poinformowa\u0142a o swojej wizycie w urz\u0119dzie pod nr tel. 81\u202f44\u202f16\u202f500 co najmniej dzie\u0144 wcze\u015bniej.<\/p>\n<p>W pobli\u017cu urz\u0119du znajduj\u0105 si\u0119 oznakowane miejsca parkingowe dla os\u00f3b z niepe\u0142nosprawno\u015bciami przy ulicach oraz og\u00f3lnodost\u0119pne parkingi podziemne.<\/p>\n<p><a href=\"https:\/\/umwl.bip.lubelskie.pl\/index.php?id=1128\">Koordynator do spraw dost\u0119pno\u015bci w UMWL<\/a><\/p>\n<h3>Dost\u0119pno\u015b\u0107 komunikacyjno-informacyjna<\/h3>\n<p>W celu skorzystania przez osoby zainteresowane pomoc\u0105 t\u0142umacza j\u0119zyka migowego PJM, SJM, SKOGN przy za\u0142atwianiu spraw w Urz\u0119dzie Marsza\u0142kowskim Wojew\u00f3dztwa Lubelskiego w Lublinie oraz w Filiach Urz\u0119du w Bia\u0142ej Podlaskiej, Che\u0142mie i Zamo\u015bciu, prosimy o:<\/p>\n<ul>\n<li>kontakt SMS\/ MMS pod nr 661 166 190,<\/li>\n<li>poprzez inn\u0105 osob\u0119,<\/li>\n<li>telefonicznie pod nr 81 44 16 600 lub 661 166 190,<\/li>\n<li>przes\u0142anie e-maila na adres: <a href=\"mailto:info@lubelskie.pl\">info@lubelskie.pl<\/a><\/li>\n<\/ul>\n<p>Osoby zainteresowane pomoc\u0105 t\u0142umacza powinny zg\u0142osi\u0107 ch\u0119\u0107 skorzystania ze \u015bwiadczenia ze wskazaniem wybranej metody komunikowania si\u0119 w spos\u00f3b okre\u015blony powy\u017cej, co najmniej 3 dni robocze przed tym zdarzeniem, z wy\u0142\u0105czeniem sytuacji nag\u0142ych. Wcze\u015bniejsze wskazanie sprawy u\u0142atwi i przyspieszy jej za\u0142atwienie.<\/p>\n<p>Urz\u0105d zapewnia mo\u017cliwo\u015b\u0107 skorzystania z przeno\u015bnej p\u0119tli indukcyjnej.<\/p>\n<p>W budynku siedziby urz\u0119du przy ul. A. Grottgera 4 i przed wej\u015bciem zainstalowano system wspomagaj\u0105cy orientacj\u0119 przestrzenn\u0105 oraz zwi\u0119kszaj\u0105cego poziom bezpiecze\u0144stwa os\u00f3b z&nbsp;niepe\u0142nosprawno\u015bciami w szczeg\u00f3lno\u015bci os\u00f3b z dysfunkcj\u0105 wzroku TOTUPOINT.<\/p>\n<p>Do budynk\u00f3w i wszystkich pomieszcze\u0144 mo\u017cna wej\u015b\u0107 z psem asystuj\u0105cym i psem przewodnikiem.<\/p>\n<p>Na stronie internetowej znajduj\u0105 si\u0119 informacje o zakresie dzia\u0142ania urz\u0119du przygotowane w Polskim J\u0119zyku Migowym wraz z plikiem zawieraj\u0105cym tekst odczytywalny maszynowo oraz w tek\u015bcie \u0142atwym do czytania ETR.<\/p>\n","protected":false},"excerpt":{"rendered":"<p>Deklaracja dost\u0119pno\u015bci Urz\u0105d Marsza\u0142kowski Wojew\u00f3dztwa Lubelskiego w Lublinie (ul. Grottgera 4, 20-029 Lublin, tel. 81 44 16 600, e-mail: info@lubelskie.pl), zobowi\u0105zuje si\u0119 zapewni\u0107 dost\u0119pno\u015b\u0107 swojej strony internetowej zgodnie z przepisami ustawy z dnia 4 kwietnia 2019 r. o dost\u0119pno\u015bci cyfrowej stron internetowych i aplikacji mobilnych podmiot\u00f3w publicznych. Deklaracja dost\u0119pno\u015bci dotyczy strony internetowej www.congress.lubelskie.pl Data publikacji [&hellip;]<\/p>\n","protected":false},"author":20,"featured_media":0,"parent":0,"menu_order":0,"comment_status":"closed","ping_status":"closed","template":"","meta":{"ngg_post_thumbnail":0},"acf":[],"_links":{"self":[{"href":"https:\/\/congress.lubelskie.pl\/en\/wp-json\/wp\/v2\/pages\/3981"}],"collection":[{"href":"https:\/\/congress.lubelskie.pl\/en\/wp-json\/wp\/v2\/pages"}],"about":[{"href":"https:\/\/congress.lubelskie.pl\/en\/wp-json\/wp\/v2\/types\/page"}],"author":[{"embeddable":true,"href":"https:\/\/congress.lubelskie.pl\/en\/wp-json\/wp\/v2\/users\/20"}],"replies":[{"embeddable":true,"href":"https:\/\/congress.lubelskie.pl\/en\/wp-json\/wp\/v2\/comments?post=3981"}],"version-history":[{"count":7,"href":"https:\/\/congress.lubelskie.pl\/en\/wp-json\/wp\/v2\/pages\/3981\/revisions"}],"predecessor-version":[{"id":12443,"href":"https:\/\/congress.lubelskie.pl\/en\/wp-json\/wp\/v2\/pages\/3981\/revisions\/12443"}],"wp:attachment":[{"href":"https:\/\/congress.lubelskie.pl\/en\/wp-json\/wp\/v2\/media?parent=3981"}],"curies":[{"name":"wp","href":"https:\/\/api.w.org\/{rel}","templated":true}]}}